{"id":25297,"date":"2025-12-18T14:33:02","date_gmt":"2025-12-28T14:55:34","guid":{"rendered":"https:\/\/nuitdereve.eu\/produktas\/etna-dress\/"},"modified":"2025-12-28T16:55:34","modified_gmt":"2025-12-28T14:55:34","slug":"etna-dress","status":"publish","type":"product","link":"https:\/\/nuitdereve.eu\/en\/produktas\/etna-dress\/","title":{"rendered":"Etna dress"},"content":{"rendered":"","protected":false},"excerpt":{"rendered":"<p>Etna &#8211; ilga atlasin\u0117 viskoz\u0117s suknel\u0117 su n\u0117riniuota liemen\u0117le.<\/p>\n<p>\u0160i suknel\u0117 bus pagaminta pagal j\u016bs\u0173 pasirinkt\u0105 dyd\u012f ir pageidaujam\u0105 ilg\u012f.<\/p>\n<p>Pagaminimo laikas yra ma\u017edaug 4-7 darbo dienos.<\/p>\n<p>Atkreipkite d\u0117mes\u012f, kad pagal u\u017esakym\u0105 si\u016bt\u0173 sukneli\u0173 gr\u0105\u017einti negalima.<\/p>\n<p>Galime pasi\u016blyti keitim\u0105 \u012f kit\u0105 dyd\u012f arba atlikti korekcijas pagal j\u016bs\u0173 i\u0161matavimus.<\/p>\n<p>Jei turite papildom\u0173 pageidavim\u0173 d\u0117l dyd\u017eio ar ilgio, susisiekite su mumis per \u201eInstagram Direct\u201c arba per pokalbi\u0173 lang\u0105 m\u016bs\u0173 svetain\u0117je.<\/p>\n","protected":false},"featured_media":24979,"comment_status":"open","ping_status":"closed","template":"","meta":[],"product_brand":[],"product_cat":[133,139],"product_tag":[],"class_list":{"0":"post-25297","1":"product","2":"type-product","3":"status-publish","4":"has-post-thumbnail","6":"product_cat-tvoe-swim","7":"product_cat-swimming-suits","9":"first","10":"instock","11":"shipping-taxable","12":"purchasable","13":"product-type-variable"},"_links":{"self":[{"href":"https:\/\/nuitdereve.eu\/en\/wp-json\/wp\/v2\/product\/25297","targetHints":{"allow":["GET"]}}],"collection":[{"href":"https:\/\/nuitdereve.eu\/en\/wp-json\/wp\/v2\/product"}],"about":[{"href":"https:\/\/nuitdereve.eu\/en\/wp-json\/wp\/v2\/types\/product"}],"replies":[{"embeddable":true,"href":"https:\/\/nuitdereve.eu\/en\/wp-json\/wp\/v2\/comments?post=25297"}],"wp:featuredmedia":[{"embeddable":true,"href":"https:\/\/nuitdereve.eu\/en\/wp-json\/wp\/v2\/media\/24979"}],"wp:attachment":[{"href":"https:\/\/nuitdereve.eu\/en\/wp-json\/wp\/v2\/media?parent=25297"}],"wp:term":[{"taxonomy":"product_brand","embeddable":true,"href":"https:\/\/nuitdereve.eu\/en\/wp-json\/wp\/v2\/product_brand?post=25297"},{"taxonomy":"product_cat","embeddable":true,"href":"https:\/\/nuitdereve.eu\/en\/wp-json\/wp\/v2\/product_cat?post=25297"},{"taxonomy":"product_tag","embeddable":true,"href":"https:\/\/nuitdereve.eu\/en\/wp-json\/wp\/v2\/product_tag?post=25297"}],"curies":[{"name":"wp","href":"https:\/\/api.w.org\/{rel}","templated":true}]}}